{"id":112,"date":"2022-03-25T13:09:05","date_gmt":"2022-03-25T12:09:05","guid":{"rendered":"http:\/\/192.168.83.131\/?page_id=112"},"modified":"2025-07-11T09:40:44","modified_gmt":"2025-07-11T07:40:44","slug":"sponsoring","status":"publish","type":"page","link":"https:\/\/ihr-telefonpartner.de\/index.php\/sponsoring\/","title":{"rendered":"Sponsoring"},"content":{"rendered":"\n<p><\/p>\n\n\n\n<p>Auch im <strong>Jahr 2025 <\/strong>unterst\u00fctzen wir wieder soziale Projekte. So wurde die Restaurierung des &#8222;Backsborn&#8220; in Uftrungen mit einer Geldsumme durch uns unterst\u00fctzt. Dieser &#8222;<strong>Backsborn<\/strong>&#8220; (Brunnen an den ehemaligen B\u00e4ckereien) soll wieder in altem Glanz, nach alten Bildern, hergerichtet werden. Die Abteilung <strong>Kinderfeuerwehr der Ortsfeuerwehr Uftrungen <\/strong>und der <strong>Uftrunger Sch\u00fctzenverein<\/strong> konnten sich \u00fcber eine finanzielle Zuwendung freuen. Der <strong>VfB Blau Wei\u00df Uftrungen<\/strong> erhielt f\u00fcr die Durchf\u00fchrung des Sportfestes eine finanzielle Unterst\u00fctzung.<\/p>\n\n\n\n<p>Am <strong>Anfang des Jahres 2024 <\/strong>suchte ein <strong>verheerendes Hochwasser<\/strong> unsere Region heim. Wir haben uns selbstverst\u00e4ndlich an der <strong>Spendenaktion zur Unterst\u00fctzung der Flutopfer<\/strong> beteiligt. Weiterhin wurde der <strong>JUKIDS Uftrungen e.V.<\/strong> unterst\u00fctzt. Wir sponserten Matten f\u00fcr das Kinderyoga. Auch der <strong>Uftrunger Sch\u00fctzenverein<\/strong> konnte sich \u00fcber eine Zuwendung zur Durchf\u00fchrung des diesj\u00e4hrigen Sch\u00fctzenfestes freuen..<\/p>\n\n\n\n<p><\/p>\n\n\n\n<p>Der Verein <strong>JUKIDS Uftrungen e.V.<\/strong> wurde mit finanziellen Mitteln im Jahr 2023 bei der Durchf\u00fchrung des Spukfestes unterst\u00fctzt. Weiterhin konnte sich Anfang des Jahres der <strong>F\u00f6rdervererin FF Uftrungen e.V.<\/strong> (Feuerwehr) \u00fcber eine Zuwendung freuen. Die <strong>Kita Haselkinder<\/strong> in Uftrungen haben wir neuem Spielzeug \u00fcberrascht. Die j\u00e4hrlich stattfindende <strong>Rentnerweihnachtsfeier<\/strong> des Dorfes, die der Uftrunger Sch\u00fctzenverein ausgestaltet, wurde mit finanziellen Mitteln unterst\u00fctzt. Am Jahresende konnte sich auch der <strong>F\u00f6rderverein der Freiwilligen Feuerwehr<\/strong> \u00fcber eine Zuwendung freuen.<\/p>\n\n\n\n<p>Auch im Jahr <strong>2022<\/strong> wurden wieder Vereine und Institutionen durch uns unterst\u00fctzt. So erhielten der Verein <strong>JUKIDZ Uftrungen<\/strong> <strong>e.V.<\/strong> , der <strong>Kirmes- und Traditionsverein Uftrungen<\/strong> <strong>e.V<\/strong>. f\u00fcr die Durchf\u00fchrung der Kirmes sowie der Uftrunger Sch\u00fctzenverein, f\u00fcr die Ausgestaltung der j\u00e4hrlichen Rentnerweihnachtsfeier, jeweils eine finanzielle Unterst\u00fctzung. Die <strong>Uftrunger KITA Haselkinder <\/strong>konnte sich \u00fcber neue Spielger\u00e4te freuen. Die Instandsetzung eines Bergaer Spielplatzes wurde von uns ebenfalls unterst\u00fctzt. Weiterhin wurde der <strong>F\u00f6rderverein der Freiwilligen Feuerwehr Uftrungen e.V.<\/strong> mit einer Zuwendung bedacht.<\/p>\n\n\n\n<p>Im Jahr<strong> 2021<\/strong> unterst\u00fctzten wir wieder ortsans\u00e4ssige Vereine. Der <strong>F\u00f6rderverein der Freiwilligen Feuerwehr Uftrungen e.V.<\/strong> erhielt eine Geldzuwendung f\u00fcr die Errichtung eines Daches \u00fcber den Lagercontainern sowie Finanzielle Unterst\u00fctzung f\u00fcr die Einrichtung einer Alarmierungs-App, der \u00f6rtlichen Sportverein <strong>VfB Blau Wei\u00df Uftrungen <\/strong>konnte mit dem Geldbetrag das Jubil\u00e4um des Vereins mit ausgestalten. Ebenfalls unterst\u00fctzt wurde der JUKIDS-Verein. Die Kindertagesst\u00e4tte &#8222;Haselkinder&#8220; erhielt von Uns neue Spielger\u00e4te.<\/p>\n\n\n\n<p>Das Jahr<strong> 2020<\/strong> war f\u00fcr uns alle ein au\u00dfergew\u00f6hnliches Jahr. Dennoch konnten wir auch in diesem Jahr wieder Gutes tun. So erhielt der Verein JUKIDS aus Uftrungen, der sich um Kinder und Jugendliche k\u00fcmmert, eine Geldzuwendung. Der F\u00f6rderverein der Ortsfeuerwehr Uftrungen konnte sich ebenfalls \u00fcber eine Geldspende freuen.<\/p>\n\n\n\n<p>Im Jahr <strong>2019<\/strong> konnten sich einige Vereine und Einrichtungen \u00fcber Unterst\u00fctzung von uns freuen. So erhielt der \u00f6rtliche <strong>Sch\u00fctzenverein<\/strong> eine finanzielle Unterst\u00fctzung f\u00fcr die Durchf\u00fchrung des Sch\u00fctzenfestes. Die <strong>KiTa Haselkinder<\/strong> im Ort erhielt ein schnurloses Telefon mit mehreren Mobilteilen sowie Repeater zur Erh\u00f6hung der Reichweite. Weiterhin konnten sich die Kids \u00fcber ein Gymnastik Set freuen. Auch die Rentnerweihnachtsfeier wurde von uns finanziell unterst\u00fctzt<\/p>\n\n\n\n<p><strong>2018<\/strong> wurden wieder Vereine der Region durch uns unterst\u00fctzt. So bekamen in diesem Jahr der F\u00f6rderverein Freiwillige Feuerwehr Rosperwenda f\u00fcr die Ausgestaltung der Kirmes, der Sch\u00fctzen- verein Uftrungen f\u00fcr das Sch\u00fctzenfest sowie der VfB Blau Wei\u00df Uftrungen f\u00fcr die Anschaffung neuer Trikots finanzielle Unterst\u00fctzung<\/p>\n\n\n\n<p><strong>2017<\/strong> unterst\u00fctzten wir mit finanziellen Mitteln die Anschaffung eines Defibrillators im Freizeitbad Thyragrotte im S\u00fcdharzer Ortsteil Stolberg. Das Ger\u00e4t ist beim \u00d6ffnen sofort mit der Leitstelle verbunden und somit kann der hilfebed\u00fcrftigen Person umgehend professionelle Hilfe zu teil werden. Wir hoffen dass das Ger\u00e4t niemals in Einsatz kommen muss.<\/p>\n\n\n\n<p>Im <strong>Jahr 2015<\/strong> leisteten wir wieder unseren Mitgliedbeitrag beim<strong> F\u00f6rderverein der FF Uftrungen e.V.<\/strong> Unterst\u00fctzen ebenfalls, wie auch im vergangenen Jahr, der <strong>B\u00fcrgerverein Uftrungen e.V.<\/strong>.<\/p>\n\n\n\n<p>Im <strong>Jahr 2014<\/strong> leisteten wir wieder unseren Mitgliedsbeitrag beim <strong>F\u00f6rderverein der FF Uftrungen e.V.<\/strong> Unterst\u00fctzt wurde ebenfalls der neu gegr\u00fcndete <strong>B\u00fcrgerverein Uftrungen e.V.<\/strong> indem unser Unternehmen f\u00f6rderndes Mitglied geworden ist. Weiterhin \u00fcbernahmen wir f\u00fcr ein Jahr die Kosten f\u00fcr die Internetseite des Vereins.<\/p>\n\n\n\n<p>Auch im <strong>Jahr 2013<\/strong> leisteten wir wieder unseren Mitgliedsbeitrag beim <strong>F\u00f6rderverein der FF Uftrungen e.V.<\/strong> Weiterhin unterst\u00fctzten wir den KTU mit einen finanziellen Beitrag f\u00fcr die Ausgestaltung der <strong>Kirmes in Uftrungen<\/strong>. Auch der <strong>F\u00f6rderverein der Grundschule Rottleberode e.V.<\/strong> hat eine finanzielle Unterst\u00fctzung erhalten. Der in Berga neu gegr\u00fcndete <strong>F\u00f6rderverein Freibad Berga e.V.<\/strong> konnte sich ebenfalls \u00fcber eine finanzielle Unterst\u00fctzung freuen.<\/p>\n\n\n\n<p>Im <strong>Jahr<\/strong> <strong>2012<\/strong> hat der <strong>F\u00f6rderverein Freiwillige Feuerwehr Uftrungen e.V.<\/strong> den Mitgliedsbeitrag erhalten. Weiterhin leisteten wir einen finanziellen Beitrag f\u00fcr die Ausgestaltung des <strong>Mieterfestes der Wohnungsbaugenossenschaft Sangerhausen<\/strong>. Auch der <strong>Dorfclub Berga e.V.<\/strong> hat eine finanzielle Unterst\u00fctzung f\u00fcr die Durchf\u00fchrung der Salatkirmes in Berga erhalten. Weiterhin wurde der <strong>Kirmes und Traditionsverein Uftrungen<\/strong> sowie der <strong>SV Olympia Berga <\/strong>unterst\u00fctzt.<\/p>\n\n\n\n<p>Auch im <strong>Jahr 2011<\/strong> wurden wieder Einrichtungen durch uns unterst\u00fctzt. So erhielt der F\u00f6rderverein Freiwillige Feuerwehr Uftrungen e.V. zweckgebunden f\u00fcr die Jugendfeuerwehr der Ortsfeuerwehr Uftrungen einen Spendenscheck \u00fcber 100,00 \u20ac \u00fcberreicht, zus\u00e4tzliche zu unserem Mitgliedsbeitrag im F\u00f6rderverien Freiwillige Feuerwehr Uftrungen e.V.. In diesem Jahr wurden weiterhin der Dorfclub Berga und der Sportverein Olympia Berga mit einer Geldzuwendung unterst\u00fctzt. Weiterhin bekam die integrative Kindertagesst\u00e4tte &#8222;Thyra-Kids&#8220; Rottleberode ein Sport- und Spielpaket im Wert von \u00fcber 170,00 \u20ac durch uns zur Verf\u00fcgung gestellt. Wie in jedem Jahr beteiligen wir uns auch an der Ausgestaltung der Tombola zum allj\u00e4hrlichen Nikolausmarkt des Gewerbevereins Berga<\/p>\n\n\n\n<p><\/p>\n\n\n\n<div class=\"wp-block-columns is-layout-flex wp-container-core-columns-is-layout-9d6595d7 wp-block-columns-is-layout-flex\">\n<div class=\"wp-block-column is-vertically-aligned-center is-layout-flow wp-block-column-is-layout-flow\" style=\"flex-basis:100%\">\n<div class=\"wp-block-group\"><div class=\"wp-block-group__inner-container is-layout-flow wp-block-group-is-layout-flow\">\n<figure class=\"wp-block-gallery has-nested-images columns-default is-cropped wp-block-gallery-1 is-layout-flex wp-block-gallery-is-layout-flex\">\n<figure class=\"wp-block-image size-full\"><img loading=\"lazy\" decoding=\"async\" width=\"384\" height=\"252\" data-id=\"113\" src=\"https:\/\/ihr-telefonpartner.de\/wp-content\/uploads\/2022\/03\/kita.jpg\" alt=\"\" class=\"wp-image-113\" srcset=\"https:\/\/ihr-telefonpartner.de\/wp-content\/uploads\/2022\/03\/kita.jpg 384w, https:\/\/ihr-telefonpartner.de\/wp-content\/uploads\/2022\/03\/kita-300x197.jpg 300w\" sizes=\"auto, (max-width: 384px) 100vw, 384px\" \/><figcaption class=\"wp-element-caption\">\u00dcbergabe Spielzeig KiTa Uftrungen 2010<\/figcaption><\/figure>\n\n\n\n<figure class=\"wp-block-image size-full is-style-default\"><img loading=\"lazy\" decoding=\"async\" width=\"380\" height=\"241\" data-id=\"114\" src=\"https:\/\/ihr-telefonpartner.de\/wp-content\/uploads\/2022\/03\/kita2.jpg\" alt=\"\" class=\"wp-image-114\" srcset=\"https:\/\/ihr-telefonpartner.de\/wp-content\/uploads\/2022\/03\/kita2.jpg 380w, https:\/\/ihr-telefonpartner.de\/wp-content\/uploads\/2022\/03\/kita2-300x190.jpg 300w\" sizes=\"auto, (max-width: 380px) 100vw, 380px\" \/><figcaption class=\"wp-element-caption\">\u00dcbergabe Spielzeig KiTa Uftrungen 2010<\/figcaption><\/figure>\n\n\n\n<figure class=\"wp-block-image size-full is-style-default\"><img loading=\"lazy\" decoding=\"async\" width=\"432\" height=\"308\" data-id=\"118\" src=\"https:\/\/ihr-telefonpartner.de\/wp-content\/uploads\/2022\/03\/jugendwehr.jpg\" alt=\"\" class=\"wp-image-118\" srcset=\"https:\/\/ihr-telefonpartner.de\/wp-content\/uploads\/2022\/03\/jugendwehr.jpg 432w, https:\/\/ihr-telefonpartner.de\/wp-content\/uploads\/2022\/03\/jugendwehr-300x214.jpg 300w\" sizes=\"auto, (max-width: 432px) 100vw, 432px\" \/><figcaption class=\"wp-element-caption\">Spenden\u00fcbergabe Jugendwehr 2010<\/figcaption><\/figure>\n\n\n\n<figure class=\"wp-block-image size-full\"><img loading=\"lazy\" decoding=\"async\" width=\"222\" height=\"171\" data-id=\"119\" src=\"https:\/\/ihr-telefonpartner.de\/wp-content\/uploads\/2022\/03\/5286.png\" alt=\"\" class=\"wp-image-119\"\/><figcaption class=\"wp-element-caption\">Spenden\u00fcbergabe Jugendwehr 2011<\/figcaption><\/figure>\n\n\n\n<figure class=\"wp-block-image size-full\"><img loading=\"lazy\" decoding=\"async\" width=\"500\" height=\"373\" data-id=\"116\" src=\"https:\/\/ihr-telefonpartner.de\/wp-content\/uploads\/2022\/03\/Zuwendung.jpg\" alt=\"\" class=\"wp-image-116\" srcset=\"https:\/\/ihr-telefonpartner.de\/wp-content\/uploads\/2022\/03\/Zuwendung.jpg 500w, https:\/\/ihr-telefonpartner.de\/wp-content\/uploads\/2022\/03\/Zuwendung-300x224.jpg 300w\" sizes=\"auto, (max-width: 500px) 100vw, 500px\" \/><figcaption class=\"wp-element-caption\">Spenden\u00fcbergabe Jugendwehr 2013<\/figcaption><\/figure>\n\n\n\n<figure class=\"wp-block-image size-large\"><img loading=\"lazy\" decoding=\"async\" width=\"972\" height=\"1024\" data-id=\"115\" src=\"https:\/\/ihr-telefonpartner.de\/wp-content\/uploads\/2022\/03\/thyragrotte-972x1024.jpg\" alt=\"\" class=\"wp-image-115\" srcset=\"https:\/\/ihr-telefonpartner.de\/wp-content\/uploads\/2022\/03\/thyragrotte-972x1024.jpg 972w, https:\/\/ihr-telefonpartner.de\/wp-content\/uploads\/2022\/03\/thyragrotte-285x300.jpg 285w, https:\/\/ihr-telefonpartner.de\/wp-content\/uploads\/2022\/03\/thyragrotte-768x809.jpg 768w, https:\/\/ihr-telefonpartner.de\/wp-content\/uploads\/2022\/03\/thyragrotte-1458x1536.jpg 1458w, https:\/\/ihr-telefonpartner.de\/wp-content\/uploads\/2022\/03\/thyragrotte-1944x2048.jpg 1944w\" sizes=\"auto, (max-width: 972px) 100vw, 972px\" \/><figcaption class=\"wp-element-caption\">Sponsorentafel Freizeitbad Thyragrotte, \u00dcbergabe Defi<\/figcaption><\/figure>\n<\/figure>\n<\/div><\/div>\n<\/div>\n<\/div>\n","protected":false},"excerpt":{"rendered":"<p>Auch im Jahr 2025 unterst\u00fctzen wir wieder soziale Projekte. So wurde die Restaurierung des &#8222;Backsborn&#8220; in Uftrungen mit einer Geldsumme durch uns unterst\u00fctzt. Dieser &#8222;Backsborn&#8220;&hellip;<\/p>\n","protected":false},"author":1,"featured_media":0,"parent":0,"menu_order":0,"comment_status":"closed","ping_status":"closed","template":"","meta":{"footnotes":""},"class_list":["post-112","page","type-page","status-publish","hentry"],"_links":{"self":[{"href":"https:\/\/ihr-telefonpartner.de\/index.php\/wp-json\/wp\/v2\/pages\/112","targetHints":{"allow":["GET"]}}],"collection":[{"href":"https:\/\/ihr-telefonpartner.de\/index.php\/wp-json\/wp\/v2\/pages"}],"about":[{"href":"https:\/\/ihr-telefonpartner.de\/index.php\/wp-json\/wp\/v2\/types\/page"}],"author":[{"embeddable":true,"href":"https:\/\/ihr-telefonpartner.de\/index.php\/wp-json\/wp\/v2\/users\/1"}],"replies":[{"embeddable":true,"href":"https:\/\/ihr-telefonpartner.de\/index.php\/wp-json\/wp\/v2\/comments?post=112"}],"version-history":[{"count":2,"href":"https:\/\/ihr-telefonpartner.de\/index.php\/wp-json\/wp\/v2\/pages\/112\/revisions"}],"predecessor-version":[{"id":625,"href":"https:\/\/ihr-telefonpartner.de\/index.php\/wp-json\/wp\/v2\/pages\/112\/revisions\/625"}],"wp:attachment":[{"href":"https:\/\/ihr-telefonpartner.de\/index.php\/wp-json\/wp\/v2\/media?parent=112"}],"curies":[{"name":"wp","href":"https:\/\/api.w.org\/{rel}","templated":true}]}}