{"id":43,"date":"2022-03-18T09:49:36","date_gmt":"2022-03-18T08:49:36","guid":{"rendered":"http:\/\/192.168.83.131\/?page_id=43"},"modified":"2022-03-18T09:49:36","modified_gmt":"2022-03-18T08:49:36","slug":"telefonanlagen","status":"publish","type":"page","link":"https:\/\/ihr-telefonpartner.de\/index.php\/telefonanlagen\/","title":{"rendered":"Telefonanlagen"},"content":{"rendered":"\n<p>Unser Hauptgesch\u00e4ft ist der Verkauf, der Einbau, die Wartung und Entst\u00f6rung von Telefonanlagen. Wir\u00a0bieten wir unseren Kunden nicht nur Anlagen verschiedener Hersteller, sondern auch Anlagen von zwei\u00a0bis einhundert Teilnehmern an. Im Bereich der Kleinanlagen (zwei bis zehn Nebenstellen) setzen wir vorwiegend Anlagen der Hersteller\u00a0Auerswald, Agfeo oder Tiptel ein. Diese Kompaktanlagen bieten eine Vielzahl von Leistungsmerkmalen,\u00a0sind aber meist nicht erweiterbar. Es gibt diese in unterschiedlichen Ausbaustufen, d.h. mit\u00a0unterschiedlichen Anzahlen anschlie\u00dfbarer Endger\u00e4te sowie mit ein oder zwei Amtsanschl\u00fcssen.<\/p>\n\n\n\n<p>Im professionellem Bereich (im Bereich der modularen Anlagen, die mit Ihrem Unternehmen mitwachen) setzen wir vorwiegend auf Telefonsysteme der Firma Unify und Auerswald.\u00a0\u00a0F\u00fcr das Telefonsystem Openscape Business der Firma Unify stehen eine ganze Reihe von Anlagen in\u00a0allen Ausbaustufen zur Verf\u00fcgung. Egal ob es ich um eine Anlage mit acht oder einhundert Nebenstellen\u00a0handelt. Bei einer Openscape Business ist die Bedienung der Telefone und der Leistungsmerkmale stets die Gleiche.<\/p>\n\n\n\n<p>Das System Commander 6000 bietet eine vielzahl an M\u00f6glichkeiten, die Ihnen das t\u00e4gliche Gesch\u00e4ft so\u00a0weit wie m\u00f6glich erleichtern. Die Commander 6000 der Firma Auerswald ist sowohl als\u00a0 Wandanlage als auch eine Rackversion lieferbar<\/p>\n","protected":false},"excerpt":{"rendered":"<p>Unser Hauptgesch\u00e4ft ist der Verkauf, der Einbau, die Wartung und Entst\u00f6rung von Telefonanlagen. Wir\u00a0bieten wir unseren Kunden nicht nur Anlagen verschiedener Hersteller, sondern auch Anlagen&hellip;<\/p>\n","protected":false},"author":1,"featured_media":0,"parent":0,"menu_order":0,"comment_status":"closed","ping_status":"closed","template":"","meta":{"footnotes":""},"class_list":["post-43","page","type-page","status-publish","hentry"],"_links":{"self":[{"href":"https:\/\/ihr-telefonpartner.de\/index.php\/wp-json\/wp\/v2\/pages\/43","targetHints":{"allow":["GET"]}}],"collection":[{"href":"https:\/\/ihr-telefonpartner.de\/index.php\/wp-json\/wp\/v2\/pages"}],"about":[{"href":"https:\/\/ihr-telefonpartner.de\/index.php\/wp-json\/wp\/v2\/types\/page"}],"author":[{"embeddable":true,"href":"https:\/\/ihr-telefonpartner.de\/index.php\/wp-json\/wp\/v2\/users\/1"}],"replies":[{"embeddable":true,"href":"https:\/\/ihr-telefonpartner.de\/index.php\/wp-json\/wp\/v2\/comments?post=43"}],"version-history":[{"count":0,"href":"https:\/\/ihr-telefonpartner.de\/index.php\/wp-json\/wp\/v2\/pages\/43\/revisions"}],"wp:attachment":[{"href":"https:\/\/ihr-telefonpartner.de\/index.php\/wp-json\/wp\/v2\/media?parent=43"}],"curies":[{"name":"wp","href":"https:\/\/api.w.org\/{rel}","templated":true}]}}