{"id":436,"date":"2023-07-04T10:08:50","date_gmt":"2023-07-04T08:08:50","guid":{"rendered":"https:\/\/ihr-telefonpartner.de\/?page_id=436"},"modified":"2023-07-28T11:55:24","modified_gmt":"2023-07-28T09:55:24","slug":"internet","status":"publish","type":"page","link":"https:\/\/ihr-telefonpartner.de\/index.php\/internet\/","title":{"rendered":"Internet"},"content":{"rendered":"\n<p>Das Internet ist heutzutage aus keinem Bereich unseres Lebens wegzudenken. Die Vernetzung der Systeme greift immer mehr auch in das private Umfeld ein. <\/p>\n\n\n\n<p>Im Gesch\u00e4ftsbereich Internetanschl\u00fcsse vermarkten wir f\u00fcr unsere Kunden Internetanschl\u00fcsse. Dabei arbeiten wir ausschlie\u00dflich mit dem Netzbetreiber Deutsche Telekom AG zusammen. Unsere Leistungen reichen von der kostenfreien Beratung \u00fcber die Bestellung bis hin zur funktionst\u00fcchtigen Inbetriebnahme. Welche Bandbreite an Ihrem Standort zu Verf\u00fcgung steht, welcher Tarif zu Ihnen passt, das erl\u00e4utern wir Ihnen gern in einem pers\u00f6nlichem Gespr\u00e4ch.<\/p>\n\n\n\n<p><\/p>\n\n\n\n<p>Von uns bekommen Sie die kundenbezogene Beratung, wir suchen den f\u00fcr SIE passenden Tarif.<\/p>\n\n\n\n<p>Bei uns k\u00f6nnen Sie nicht nur den Anschlu\u00df bestellen, wir installieren ihnen auch die notwendige Hardware und liefern ihnen somit ein &#8222;Rundumsorglospaket&#8220;.<\/p>\n\n\n\n<p><\/p>\n\n\n\n<p>Kontaktieren Sie uns: <a href=\"mailto: info@ihr-telefonpartner.de\" title=\"eMail\">eMail<\/a><\/p>\n","protected":false},"excerpt":{"rendered":"<p>Das Internet ist heutzutage aus keinem Bereich unseres Lebens wegzudenken. Die Vernetzung der Systeme greift immer mehr auch in das private Umfeld ein. Im Gesch\u00e4ftsbereich&hellip;<\/p>\n","protected":false},"author":1,"featured_media":0,"parent":0,"menu_order":0,"comment_status":"closed","ping_status":"closed","template":"","meta":{"footnotes":""},"class_list":["post-436","page","type-page","status-publish","hentry"],"_links":{"self":[{"href":"https:\/\/ihr-telefonpartner.de\/index.php\/wp-json\/wp\/v2\/pages\/436","targetHints":{"allow":["GET"]}}],"collection":[{"href":"https:\/\/ihr-telefonpartner.de\/index.php\/wp-json\/wp\/v2\/pages"}],"about":[{"href":"https:\/\/ihr-telefonpartner.de\/index.php\/wp-json\/wp\/v2\/types\/page"}],"author":[{"embeddable":true,"href":"https:\/\/ihr-telefonpartner.de\/index.php\/wp-json\/wp\/v2\/users\/1"}],"replies":[{"embeddable":true,"href":"https:\/\/ihr-telefonpartner.de\/index.php\/wp-json\/wp\/v2\/comments?post=436"}],"version-history":[{"count":0,"href":"https:\/\/ihr-telefonpartner.de\/index.php\/wp-json\/wp\/v2\/pages\/436\/revisions"}],"wp:attachment":[{"href":"https:\/\/ihr-telefonpartner.de\/index.php\/wp-json\/wp\/v2\/media?parent=436"}],"curies":[{"name":"wp","href":"https:\/\/api.w.org\/{rel}","templated":true}]}}