{"id":490,"date":"2023-07-05T07:47:31","date_gmt":"2023-07-05T05:47:31","guid":{"rendered":"https:\/\/ihr-telefonpartner.de\/?page_id=490"},"modified":"2023-07-05T09:08:03","modified_gmt":"2023-07-05T07:08:03","slug":"wlan","status":"publish","type":"page","link":"https:\/\/ihr-telefonpartner.de\/index.php\/wlan\/","title":{"rendered":"WLAN"},"content":{"rendered":"<div class=\"wp-block-image\">\n<figure class=\"alignright size-full is-resized\"><img loading=\"lazy\" decoding=\"async\" src=\"https:\/\/ihr-telefonpartner.de\/wp-content\/uploads\/2023\/07\/wifi-2.png\" alt=\"\" class=\"wp-image-503\" width=\"143\" height=\"143\" srcset=\"https:\/\/ihr-telefonpartner.de\/wp-content\/uploads\/2023\/07\/wifi-2.png 512w, https:\/\/ihr-telefonpartner.de\/wp-content\/uploads\/2023\/07\/wifi-2-300x300.png 300w, https:\/\/ihr-telefonpartner.de\/wp-content\/uploads\/2023\/07\/wifi-2-150x150.png 150w\" sizes=\"auto, (max-width: 143px) 100vw, 143px\" \/><\/figure>\n<\/div>\n\n\n<p><\/p>\n\n\n\n<p><\/p>\n\n\n\n<p>WirelessLAN ist in keinem Bereich des t\u00e4glichen Lebens mehr wegzudenken, egal ob privat oder im Business.  Die Ger\u00e4te, die einen WLAN-Anschlu\u00df ben\u00f6tigen werden immer zahlreicher.<\/p>\n\n\n\n<p>Im <strong>privaten Bereich<\/strong> setzen wir auf Ger\u00e4te der Firma AVM.  Die Fritzboxen stellen ein oder zwei WLAN-Netze zur Verf\u00fcgung. Wenn die zu versorgende Fl\u00e4che \u00fcber die Fritzbox nicht abgedeckt werden kann, k\u00f6nnen Repeater die Vergr\u00f6\u00dferung der Fl\u00e4che \u00fcbernehmen. Die Repeater k\u00f6nnen entwender per WLAN an der Fritzbox angeschlossen sein, oder per LAN-Kabel, welches die besere Variante ist.<\/p>\n\n\n<div class=\"wp-block-image is-style-default\">\n<figure class=\"alignleft size-large is-resized\"><img loading=\"lazy\" decoding=\"async\" src=\"https:\/\/ihr-telefonpartner.de\/wp-content\/uploads\/2023\/07\/Fritzgruppe-2-1024x722.jpg\" alt=\"\" class=\"wp-image-506\" width=\"363\" height=\"255\" srcset=\"https:\/\/ihr-telefonpartner.de\/wp-content\/uploads\/2023\/07\/Fritzgruppe-2-1024x722.jpg 1024w, https:\/\/ihr-telefonpartner.de\/wp-content\/uploads\/2023\/07\/Fritzgruppe-2-300x211.jpg 300w, https:\/\/ihr-telefonpartner.de\/wp-content\/uploads\/2023\/07\/Fritzgruppe-2-768x541.jpg 768w, https:\/\/ihr-telefonpartner.de\/wp-content\/uploads\/2023\/07\/Fritzgruppe-2-1536x1083.jpg 1536w, https:\/\/ihr-telefonpartner.de\/wp-content\/uploads\/2023\/07\/Fritzgruppe-2-2048x1444.jpg 2048w\" sizes=\"auto, (max-width: 363px) 100vw, 363px\" \/><\/figure>\n<\/div>\n\n\n<p>Es stehen mehrere verschiedene Router, Repeater oder Powerlineadapter zur Verf\u00fcgung.<\/p>\n\n\n\n<p>Wir w\u00e4hlen gemeinsam die f\u00fcr Sie passenden Produkte aus.<\/p>\n\n\n\n<p><\/p>\n\n\n\n<p><\/p>\n\n\n\n<p><\/p>\n\n\n\n<p><\/p>\n\n\n\n<p><\/p>\n\n\n\n<p>Im <strong>professionellen Bereich<\/strong> setzen wir auf die Marke Unifi \/ Ubiquiti. Es k\u00f6nnen (fast) beliegig viel WLAN-Sender in Ihrem Gel\u00e4nde installiert werden. Die Sender werden \u00fcber das Netzwek mit Strom versort, soda\u00df wir keine zus\u00e4tzliche Stromversorgung je Sender ben\u00f6tigen. Ein Ger\u00e4t, der so genannte Controller, steuert das gesamte WLAN.<\/p>\n\n\n<div class=\"wp-block-image\">\n<figure class=\"alignright size-full is-resized\"><img loading=\"lazy\" decoding=\"async\" src=\"https:\/\/ihr-telefonpartner.de\/wp-content\/uploads\/2023\/07\/Unifi-logo-1024x1024-1.png\" alt=\"\" class=\"wp-image-511\" width=\"241\" height=\"241\" srcset=\"https:\/\/ihr-telefonpartner.de\/wp-content\/uploads\/2023\/07\/Unifi-logo-1024x1024-1.png 1024w, https:\/\/ihr-telefonpartner.de\/wp-content\/uploads\/2023\/07\/Unifi-logo-1024x1024-1-300x300.png 300w, https:\/\/ihr-telefonpartner.de\/wp-content\/uploads\/2023\/07\/Unifi-logo-1024x1024-1-150x150.png 150w, https:\/\/ihr-telefonpartner.de\/wp-content\/uploads\/2023\/07\/Unifi-logo-1024x1024-1-768x768.png 768w\" sizes=\"auto, (max-width: 241px) 100vw, 241px\" \/><\/figure>\n<\/div>\n\n\n<figure class=\"wp-block-image size-full\"><img loading=\"lazy\" decoding=\"async\" width=\"580\" height=\"520\" src=\"https:\/\/ihr-telefonpartner.de\/wp-content\/uploads\/2023\/07\/unify.jpg\" alt=\"\" class=\"wp-image-507\" srcset=\"https:\/\/ihr-telefonpartner.de\/wp-content\/uploads\/2023\/07\/unify.jpg 580w, https:\/\/ihr-telefonpartner.de\/wp-content\/uploads\/2023\/07\/unify-300x269.jpg 300w\" sizes=\"auto, (max-width: 580px) 100vw, 580px\" \/><\/figure>\n","protected":false},"excerpt":{"rendered":"<p>WirelessLAN ist in keinem Bereich des t\u00e4glichen Lebens mehr wegzudenken, egal ob privat oder im Business. Die Ger\u00e4te, die einen WLAN-Anschlu\u00df ben\u00f6tigen werden immer zahlreicher.&hellip;<\/p>\n","protected":false},"author":1,"featured_media":0,"parent":0,"menu_order":0,"comment_status":"closed","ping_status":"closed","template":"","meta":{"footnotes":""},"class_list":["post-490","page","type-page","status-publish","hentry"],"_links":{"self":[{"href":"https:\/\/ihr-telefonpartner.de\/index.php\/wp-json\/wp\/v2\/pages\/490","targetHints":{"allow":["GET"]}}],"collection":[{"href":"https:\/\/ihr-telefonpartner.de\/index.php\/wp-json\/wp\/v2\/pages"}],"about":[{"href":"https:\/\/ihr-telefonpartner.de\/index.php\/wp-json\/wp\/v2\/types\/page"}],"author":[{"embeddable":true,"href":"https:\/\/ihr-telefonpartner.de\/index.php\/wp-json\/wp\/v2\/users\/1"}],"replies":[{"embeddable":true,"href":"https:\/\/ihr-telefonpartner.de\/index.php\/wp-json\/wp\/v2\/comments?post=490"}],"version-history":[{"count":0,"href":"https:\/\/ihr-telefonpartner.de\/index.php\/wp-json\/wp\/v2\/pages\/490\/revisions"}],"wp:attachment":[{"href":"https:\/\/ihr-telefonpartner.de\/index.php\/wp-json\/wp\/v2\/media?parent=490"}],"curies":[{"name":"wp","href":"https:\/\/api.w.org\/{rel}","templated":true}]}}