{"id":77,"date":"2022-03-25T10:42:14","date_gmt":"2022-03-25T09:42:14","guid":{"rendered":"http:\/\/192.168.83.131\/?page_id=77"},"modified":"2026-04-09T13:45:30","modified_gmt":"2026-04-09T11:45:30","slug":"kontakt","status":"publish","type":"page","link":"https:\/\/ihr-telefonpartner.de\/index.php\/kontakt\/","title":{"rendered":"Kontakt"},"content":{"rendered":"<div class=\"wp-block-image\">\n<figure class=\"alignleft size-full is-resized\"><img loading=\"lazy\" decoding=\"async\" width=\"512\" height=\"512\" src=\"https:\/\/ihr-telefonpartner.de\/wp-content\/uploads\/2022\/04\/cropped-logo-neu-klein.jpg\" alt=\"\" class=\"wp-image-180\" style=\"width:188px;height:188px\" srcset=\"https:\/\/ihr-telefonpartner.de\/wp-content\/uploads\/2022\/04\/cropped-logo-neu-klein.jpg 512w, https:\/\/ihr-telefonpartner.de\/wp-content\/uploads\/2022\/04\/cropped-logo-neu-klein-300x300.jpg 300w, https:\/\/ihr-telefonpartner.de\/wp-content\/uploads\/2022\/04\/cropped-logo-neu-klein-150x150.jpg 150w, https:\/\/ihr-telefonpartner.de\/wp-content\/uploads\/2022\/04\/cropped-logo-neu-klein-270x270.jpg 270w, https:\/\/ihr-telefonpartner.de\/wp-content\/uploads\/2022\/04\/cropped-logo-neu-klein-192x192.jpg 192w, https:\/\/ihr-telefonpartner.de\/wp-content\/uploads\/2022\/04\/cropped-logo-neu-klein-180x180.jpg 180w, https:\/\/ihr-telefonpartner.de\/wp-content\/uploads\/2022\/04\/cropped-logo-neu-klein-32x32.jpg 32w\" sizes=\"auto, (max-width: 512px) 100vw, 512px\" \/><\/figure>\n<\/div>\n\n\n<h2 class=\"wp-block-heading\">ER&amp;BE COM GmbH<\/h2>\n\n\n\n<p>Uftrunger Hauptstra\u00dfe 56 <br> D-06536 S\u00fcdharz OT Uftrungen <br> Telefon: +49 34653 729080 <br> Telefax: +49 34653 729040 <br> Mail: <a href=\"mailto:info@erbecom.de\">info@erbecom.de<\/a><\/p>\n\n\n<div class=\"wp-block-image\">\n<figure class=\"alignright size-large is-resized\"><img loading=\"lazy\" decoding=\"async\" width=\"1024\" height=\"477\" src=\"https:\/\/ihr-telefonpartner.de\/wp-content\/uploads\/2026\/04\/Lenny-gf-1024x477.jpg\" alt=\"\" class=\"wp-image-668\" style=\"aspect-ratio:2.1467820014581673;width:266px;height:auto\" srcset=\"https:\/\/ihr-telefonpartner.de\/wp-content\/uploads\/2026\/04\/Lenny-gf-1024x477.jpg 1024w, https:\/\/ihr-telefonpartner.de\/wp-content\/uploads\/2026\/04\/Lenny-gf-300x140.jpg 300w, https:\/\/ihr-telefonpartner.de\/wp-content\/uploads\/2026\/04\/Lenny-gf-768x358.jpg 768w, https:\/\/ihr-telefonpartner.de\/wp-content\/uploads\/2026\/04\/Lenny-gf-1536x716.jpg 1536w, https:\/\/ihr-telefonpartner.de\/wp-content\/uploads\/2026\/04\/Lenny-gf.jpg 1612w\" sizes=\"auto, (max-width: 1024px) 100vw, 1024px\" \/><\/figure>\n<\/div>\n\n\n<div class=\"wp-block-group\"><div class=\"wp-block-group__inner-container is-layout-constrained wp-block-group-is-layout-constrained\">\n<p class=\"has-text-align-right\"><strong><mark style=\"background-color:rgba(0, 0, 0, 0)\" class=\"has-inline-color has-vivid-cyan-blue-color\">Lenny-Paul Meise<\/mark><\/strong><\/p>\n<\/div><\/div>\n\n\n\n<div class=\"wp-block-group\"><div class=\"wp-block-group__inner-container is-layout-constrained wp-block-group-is-layout-constrained\">\n<p class=\"has-text-align-right\">Gesch\u00e4ftsleitung \/ IT  <br> Telefon: 034653 \/ 729080 <br> <a href=\"mailto:lenny.meise@erbecom.de\">lenny.meise@erbecom.de<\/a><\/p>\n<\/div><\/div>\n\n\n\n<hr class=\"wp-block-separator has-css-opacity\"\/>\n\n\n<div class=\"wp-block-image\">\n<figure class=\"alignright size-full\"><img loading=\"lazy\" decoding=\"async\" width=\"170\" height=\"143\" src=\"https:\/\/ihr-telefonpartner.de\/wp-content\/uploads\/2022\/03\/5257.png\" alt=\"Kerstin\" class=\"wp-image-78\"\/><\/figure>\n<\/div>\n\n\n<p class=\"has-text-align-right\"><strong><mark style=\"background-color:rgba(0, 0, 0, 0)\" class=\"has-inline-color has-vivid-cyan-blue-color\">Kerstin Hund<\/mark><\/strong><\/p>\n\n\n\n<p class=\"has-text-align-right\">Mobilfunk \/ Ladengesch\u00e4ft \/ Buchhaltung <br> Telefon: 034653 \/ 729080 <br> <a href=\"mailto:kerstin.hund@erbecom.de\">kerstin.hund@erbecom.de<\/a><\/p>\n\n\n\n<hr class=\"wp-block-separator has-alpha-channel-opacity\"\/>\n\n\n<div class=\"wp-block-image\">\n<figure class=\"alignright size-full is-resized\"><img loading=\"lazy\" decoding=\"async\" width=\"2560\" height=\"1252\" src=\"https:\/\/ihr-telefonpartner.de\/wp-content\/uploads\/2025\/03\/2025-03-05sh01-scaled.jpg\" alt=\"\" class=\"wp-image-606\" style=\"width:250px;height:116px\" srcset=\"https:\/\/ihr-telefonpartner.de\/wp-content\/uploads\/2025\/03\/2025-03-05sh01-scaled.jpg 2560w, https:\/\/ihr-telefonpartner.de\/wp-content\/uploads\/2025\/03\/2025-03-05sh01-300x147.jpg 300w, https:\/\/ihr-telefonpartner.de\/wp-content\/uploads\/2025\/03\/2025-03-05sh01-1024x501.jpg 1024w, https:\/\/ihr-telefonpartner.de\/wp-content\/uploads\/2025\/03\/2025-03-05sh01-768x376.jpg 768w, https:\/\/ihr-telefonpartner.de\/wp-content\/uploads\/2025\/03\/2025-03-05sh01-1536x751.jpg 1536w, https:\/\/ihr-telefonpartner.de\/wp-content\/uploads\/2025\/03\/2025-03-05sh01-2048x1002.jpg 2048w\" sizes=\"auto, (max-width: 2560px) 100vw, 2560px\" \/><\/figure>\n<\/div>\n\n\n<p class=\"has-text-align-right\"><strong><mark style=\"background-color:rgba(0, 0, 0, 0)\" class=\"has-inline-color has-vivid-cyan-blue-color\">Steffen Hund<\/mark><\/strong> <\/p>\n\n\n\n<p class=\"has-text-align-right\">Festnetz \/ Telefonanlagen&nbsp; \/IT <br> Telefon: 034653 \/ 729080 <br> E-Mail: <a href=\"mailto:steffen.hund@erbecom.de\">steffen.hund@erbecom.de<\/a><\/p>\n\n\n\n<hr class=\"wp-block-separator has-css-opacity\"\/>\n\n\n<div class=\"wp-block-image\">\n<figure class=\"alignright size-full is-resized\"><img loading=\"lazy\" decoding=\"async\" width=\"2560\" height=\"1441\" src=\"https:\/\/ihr-telefonpartner.de\/wp-content\/uploads\/2025\/03\/20250328_131223-scaled.jpg\" alt=\"\" class=\"wp-image-610\" style=\"aspect-ratio:2.1551724137931036;width:253px;height:auto\" srcset=\"https:\/\/ihr-telefonpartner.de\/wp-content\/uploads\/2025\/03\/20250328_131223-scaled.jpg 2560w, https:\/\/ihr-telefonpartner.de\/wp-content\/uploads\/2025\/03\/20250328_131223-300x169.jpg 300w, https:\/\/ihr-telefonpartner.de\/wp-content\/uploads\/2025\/03\/20250328_131223-1024x577.jpg 1024w, https:\/\/ihr-telefonpartner.de\/wp-content\/uploads\/2025\/03\/20250328_131223-768x432.jpg 768w, https:\/\/ihr-telefonpartner.de\/wp-content\/uploads\/2025\/03\/20250328_131223-1536x865.jpg 1536w, https:\/\/ihr-telefonpartner.de\/wp-content\/uploads\/2025\/03\/20250328_131223-2048x1153.jpg 2048w\" sizes=\"auto, (max-width: 2560px) 100vw, 2560px\" \/><\/figure>\n<\/div>\n\n\n<p class=\"has-text-align-right\"><strong><mark style=\"background-color:rgba(0, 0, 0, 0)\" class=\"has-inline-color has-vivid-cyan-blue-color\">Jan Friedrich<\/mark><\/strong><\/p>\n\n\n\n<p class=\"has-text-align-right\">Fachinformatiker \/ IT <br> Telefon: 034653 \/ 729080 <br> E-Mail: <a href=\"mailto:jan.friedrich@erbecom.de\">jan.friedrich@erbecom.de<\/a><\/p>\n\n\n\n<p><\/p>\n","protected":false},"excerpt":{"rendered":"<p>ER&amp;BE COM GmbH Uftrunger Hauptstra\u00dfe 56 D-06536 S\u00fcdharz OT Uftrungen Telefon: +49 34653 729080 Telefax: +49 34653 729040 Mail: info@erbecom.de Lenny-Paul Meise Gesch\u00e4ftsleitung \/ IT&hellip;<\/p>\n","protected":false},"author":1,"featured_media":0,"parent":0,"menu_order":0,"comment_status":"closed","ping_status":"closed","template":"","meta":{"footnotes":""},"class_list":["post-77","page","type-page","status-publish","hentry"],"_links":{"self":[{"href":"https:\/\/ihr-telefonpartner.de\/index.php\/wp-json\/wp\/v2\/pages\/77","targetHints":{"allow":["GET"]}}],"collection":[{"href":"https:\/\/ihr-telefonpartner.de\/index.php\/wp-json\/wp\/v2\/pages"}],"about":[{"href":"https:\/\/ihr-telefonpartner.de\/index.php\/wp-json\/wp\/v2\/types\/page"}],"author":[{"embeddable":true,"href":"https:\/\/ihr-telefonpartner.de\/index.php\/wp-json\/wp\/v2\/users\/1"}],"replies":[{"embeddable":true,"href":"https:\/\/ihr-telefonpartner.de\/index.php\/wp-json\/wp\/v2\/comments?post=77"}],"version-history":[{"count":9,"href":"https:\/\/ihr-telefonpartner.de\/index.php\/wp-json\/wp\/v2\/pages\/77\/revisions"}],"predecessor-version":[{"id":669,"href":"https:\/\/ihr-telefonpartner.de\/index.php\/wp-json\/wp\/v2\/pages\/77\/revisions\/669"}],"wp:attachment":[{"href":"https:\/\/ihr-telefonpartner.de\/index.php\/wp-json\/wp\/v2\/media?parent=77"}],"curies":[{"name":"wp","href":"https:\/\/api.w.org\/{rel}","templated":true}]}}